{"id":5,"date":"2012-04-27T15:46:22","date_gmt":"2012-04-27T13:46:22","guid":{"rendered":"http:\/\/www.teatrostudio.it\/?page_id=5"},"modified":"2026-03-24T15:47:26","modified_gmt":"2026-03-24T14:47:26","slug":"home","status":"publish","type":"page","link":"https:\/\/www.teatrostudio.it\/","title":{"rendered":"Home"},"content":{"rendered":"\n\n<!=========Events list Template 2.6.2=========><div id=\"ect-events-list-content\"><div id=\"list-wrp\" class=\"ect-list-wrapper all\"><div id=\"event-10680\" class=\"ect-list-post style-2 ect-simple-event future\"><div class=\"ect-list-post-left\"><a href=\"https:\/\/www.teatrostudio.it\/index.php\/event\/ho-visto-un-re-e-un-paladino\/\" class=\"ect-list-img-link\"><div class=\"ect-list-img\" style=\"background-image:url(&#039;\/public\/IMG_20260317_151911.png&#039;);background-size:cover;background-position:bottom center;\"><\/div><\/a><!-- left-post close --><\/div><div class=\"ect-list-post-right\">\n\t\t\t\t<div class=\"ect-list-post-right-table\">\n\t\t\t\t<div class=\"ect-list-description\">\n\t\t\t\t<h2 class=\"ect-list-title\"><a class=\"ect-event-url\" href=\"https:\/\/www.teatrostudio.it\/index.php\/event\/ho-visto-un-re-e-un-paladino\/\" rel=\"bookmark\">HO VISTO UN RE&#8230; E UN PALADINO<\/a><\/h2><!-- Event Content --><div class=\"ect-event-content\"><p>\"Ho visto un re...e un paladino\" da un'idea di Massimo Cardosa testo e regia Mario Fraschetti &nbsp; Interpreti<\/p>\n<\/div><a href=\"https:\/\/www.teatrostudio.it\/index.php\/event\/ho-visto-un-re-e-un-paladino\/\" class=\"ect-events-read-more\" rel=\"bookmark\">Leggi di pi\u00f9<\/a><\/div><div class=\"modern-list-right-side\">\n\t\t\t\t<div class=\"ect-list-date\"><div class=\"ect-date-area default-schedule\"><span class=\"ev-day\">16<\/span>\n\t\t\t\t\t<span class=\"ev-mo\">Maggio<\/span>\n\t\t\t\t\t<span class=\"ev-yr\">2026<\/span><\/div><\/div><div class=\"ect-list-venue default-venue\"><span class=\"ect-icon\"><i class=\"ect-icon-location\"><\/i><\/span><!-- Event Venue Info -->\n\t\t\t\t\t\t\t<span class=\"ect-venue-details ect-address\">\n\t\t\t\t\t\t\t<div>Saturnia,<span class=\"tribe-address\">\n\n\n\n\n\n\n<\/span>\n<\/div><\/span><\/div><\/div>\n\t\t\t\t<\/div>\n\t\t\t\t<\/div><!-- right-wrapper close -->\n\t\t\t\t<\/div><!-- event-loop-end --><div id=\"event-10684\" class=\"ect-list-post style-2 ect-simple-event future\"><div class=\"ect-list-post-left\"><a href=\"https:\/\/www.teatrostudio.it\/index.php\/event\/le-voci-della-storia-passeggiata-archeologica\/\" class=\"ect-list-img-link\"><div class=\"ect-list-img\" style=\"background-image:url(&#039;\/public\/Castellum-Aquarum2.jpg&#039;);background-size:cover;background-position:bottom center;\"><\/div><\/a><!-- left-post close --><\/div><div class=\"ect-list-post-right\">\n\t\t\t\t<div class=\"ect-list-post-right-table\">\n\t\t\t\t<div class=\"ect-list-description\">\n\t\t\t\t<h2 class=\"ect-list-title\"><a class=\"ect-event-url\" href=\"https:\/\/www.teatrostudio.it\/index.php\/event\/le-voci-della-storia-passeggiata-archeologica\/\" rel=\"bookmark\">A SPASSO NEL TEMPO<\/a><\/h2><!-- Event Content --><div class=\"ect-event-content\"><p>Le Voci della Storia &nbsp; Massimo Cardosa &amp; Teatro Studio &nbsp; Regia Mario Fraschetti &nbsp; &nbsp; &nbsp; Interpreti<\/p>\n<\/div><a href=\"https:\/\/www.teatrostudio.it\/index.php\/event\/le-voci-della-storia-passeggiata-archeologica\/\" class=\"ect-events-read-more\" rel=\"bookmark\">Leggi di pi\u00f9<\/a><\/div><div class=\"modern-list-right-side\">\n\t\t\t\t<div class=\"ect-list-date\"><div class=\"ect-date-area default-schedule\"><span class=\"ev-day\">06<\/span>\n\t\t\t\t\t<span class=\"ev-mo\">Giugno<\/span>\n\t\t\t\t\t<span class=\"ev-yr\">2026<\/span><\/div><\/div><div class=\"ect-list-venue default-venue\"><span class=\"ect-icon\"><i class=\"ect-icon-location\"><\/i><\/span><!-- Event Venue Info -->\n\t\t\t\t\t\t\t<span class=\"ect-venue-details ect-address\">\n\t\t\t\t\t\t\t<div>Castellum Acquarum Poggio Murella,<span class=\"tribe-address\">\n\n\n\n\n\n\n<\/span>\n<\/div><\/span><\/div><\/div>\n\t\t\t\t<\/div>\n\t\t\t\t<\/div><!-- right-wrapper close -->\n\t\t\t\t<\/div><!-- event-loop-end --><div id=\"event-10687\" class=\"ect-list-post style-2 ect-simple-event future\"><div class=\"ect-list-post-left\"><a href=\"https:\/\/www.teatrostudio.it\/index.php\/event\/fahrenheit-451-laboratorio-adulti\/\" class=\"ect-list-img-link\"><div class=\"ect-list-img\" style=\"background-image:url(&#039;\/public\/FAHRENHEI-451-RITAGLIO1.jpg&#039;);background-size:cover;background-position:bottom center;\"><\/div><\/a><!-- left-post close --><\/div><div class=\"ect-list-post-right\">\n\t\t\t\t<div class=\"ect-list-post-right-table\">\n\t\t\t\t<div class=\"ect-list-description\">\n\t\t\t\t<h2 class=\"ect-list-title\"><a class=\"ect-event-url\" href=\"https:\/\/www.teatrostudio.it\/index.php\/event\/fahrenheit-451-laboratorio-adulti\/\" rel=\"bookmark\">FAHRENHEIT 451 &#8211; Adattamento del testo e regia:\u00a0 Daniela Marretti<\/a><\/h2><!-- Event Content --><div class=\"ect-event-content\"><p>\"&nbsp;Fahrenheit 451\"&nbsp;da Ray Bradbury - restituzione di lavoro Laboratorio adulti&nbsp; -&nbsp; Fahrenheit 451 \u00e8 un celebre romanzo distopico,<\/p>\n<\/div><a href=\"https:\/\/www.teatrostudio.it\/index.php\/event\/fahrenheit-451-laboratorio-adulti\/\" class=\"ect-events-read-more\" rel=\"bookmark\">Leggi di pi\u00f9<\/a><\/div><div class=\"modern-list-right-side\">\n\t\t\t\t<div class=\"ect-list-date\"><div class=\"ect-date-area default-schedule\"><span class=\"ev-day\">20<\/span>\n\t\t\t\t\t<span class=\"ev-mo\">Giugno<\/span>\n\t\t\t\t\t<span class=\"ev-yr\">2026<\/span><\/div><\/div><div class=\"ect-list-venue default-venue\"><span class=\"ect-icon\"><i class=\"ect-icon-location\"><\/i><\/span><!-- Event Venue Info -->\n\t\t\t\t\t\t\t<span class=\"ect-venue-details ect-address\">\n\t\t\t\t\t\t\t<div>Alberese,<span class=\"tribe-address\">\n\n<span class=\"tribe-street-address\">Alberese<\/span>\n\t\n\t\t<br>\n\t\t<span class=\"tribe-locality\">Alberese<\/span><span class=\"tribe-delimiter\">,<\/span>\n\n\n\n\n<\/span>\n<\/div><span class=\"ect-google\"><a class=\"tribe-events-gmap\" href=\"https:\/\/maps.google.com\/maps?f=q&#038;source=s_q&#038;hl=en&#038;geocode=&#038;q=Alberese+Alberese\" title=\"Fai clic per visualizzare una mappa Google Maps\" target=\"_blank\" rel=\"noreferrer noopener\">+ Google Maps<\/a><\/span><\/span><\/div><\/div>\n\t\t\t\t<\/div>\n\t\t\t\t<\/div><!-- right-wrapper close -->\n\t\t\t\t<\/div><!-- event-loop-end --><\/div><\/div>\n\n\n\n<div class=\"wp-block-buttons is-content-justification-right is-layout-flex wp-container-core-buttons-is-layout-d445cf74 wp-block-buttons-is-layout-flex\">\n<div class=\"wp-block-button\"><a class=\"wp-block-button__link has-text-align-right wp-element-button\" href=\"https:\/\/www.teatrostudio.it\/index.php\/events\/\">Vedi tutti gli eventi<\/a><\/div>\n<\/div>\n\n\n\n<p class=\"has-text-align-center\"><strong>SITO IN MANUTENZIONE<\/strong><\/p>\n\n\n\n<p class=\"has-text-align-center\"><strong>ALCUNE PAGINE O FUNZIONI POTREBBERO<\/strong> <strong>ESSERE MOMENTANEAMENTE NON DISPONIBILI<\/strong><\/p>\n\n\n\n<p><\/p>\n\n\n\n<div class=\"wp-block-columns is-layout-flex wp-container-core-columns-is-layout-28f84493 wp-block-columns-is-layout-flex\">\n<div class=\"wp-block-column is-layout-flow wp-block-column-is-layout-flow\">\n<h2 class=\"wp-block-heading has-text-align-center\"><a href=\"https:\/\/www.teatrostudio.it\/index.php\/corsi\/corsi-per-adulti\/7\" data-type=\"link\" data-id=\"https:\/\/www.teatrostudio.it\/index.php\/corsi\/corsi-per-adulti\/7\">LABORATORIO TEATRALE<\/a><\/h2>\n\n\n\n<p><\/p>\n\n\n\n<figure class=\"wp-block-image alignfull size-full\"><a href=\"https:\/\/www.teatrostudio.it\/index.php\/corsi\/corsi-per-adulti\/7\"><img loading=\"lazy\" decoding=\"async\" width=\"1120\" height=\"1600\" src=\"\/public\/Teatro-Studio-manifesti-corsi-20231.jpg\" alt=\"\" class=\"wp-image-9522\" srcset=\"\/public\/Teatro-Studio-manifesti-corsi-20231.jpg 1120w, \/public\/Teatro-Studio-manifesti-corsi-20231-210x300.jpg 210w, \/public\/Teatro-Studio-manifesti-corsi-20231-716x1024.jpg 716w\" sizes=\"auto, (max-width: 1120px) 100vw, 1120px\" \/><\/a><\/figure>\n\n\n\n<p class=\"has-text-align-left has-text-align-center\">DA OTTOBRE A GIUGNO OGNI <\/p>\n\n\n\n<p><\/p>\n\n\n\n<p class=\"has-text-align-center\"><\/p>\n\n\n\n<p><\/p>\n\n\n\n<p class=\"has-text-align-left has-text-align-center\">LUNEDI\u2019 E MERCOLEDI\u2019 DALLE ORE 19.00 ALLE ORE 21.00, NELLA SEDE DI VIA UGO BASSI 72 (SPAZIO72 ARCI KHORAKHANE\u2019) A GROSSETO<\/p>\n\n\n\n<p class=\"has-text-align-left has-text-align-center\">\u201cLa base del lavoro pone il performer-individuo al centro dell\u2019esperienza teatrale. L\u2019allievo attore \u00e8 un universo che si esplora, prima ancora di istruirsi. Il corpo, il respiro, la voce, i ritmi lenti di un movimento che assecondi i tempi dell\u2019ascolto e dell\u2019osservazione, sono il mezzo principale di un approccio che tende a far \u201cdisimparare\u201d le gabbie espressive, al fine di raggiungere uno stato mentale ampio e ricettivo agli impulsi della creativit\u00e0 e della comunicazione\u201d. <\/p>\n<\/div>\n\n\n\n<div class=\"wp-block-column is-layout-flow wp-block-column-is-layout-flow\">\n<h2 class=\"wp-block-heading has-text-align-center\">FESTA DELLA TOSCANA 2026<\/h2>\n\n\n\n<figure class=\"wp-block-image alignfull size-large\"><img decoding=\"async\" src=\"https:\/\/www.teatrostudio.it\/public\/MANIFESTO-FESTA-TOSCANA.jpg\" alt=\"\"\/><\/figure>\n\n\n\n<p class=\"has-text-align-left has-text-align-center\">Progetto a cura del Teatro Studio col contributo della Regione Toscana, del Cesvot e con la partecipazione dei Comuni e delle biblioteche di Manciano, Arcidosso e Montieri e del Coordinamento per la Pace di Grosseto. <em>&#8220;In un mondo in cui la guerra non ha pi\u00f9 confini e la comunicazione e l\u2019informazione, giunte al loro massimo potenziale, paradossalmente, oscurano e manipolano le coscienze e le conoscenze, in una societ\u00e0 che spinge alla separazione, all\u2019aberrazione, all\u2019odio, al conflitto facile, all\u2019aggressivit\u00e0 verbale, la risposta che pu\u00f2 offrire il Teatro \u00e8 da ritenersi, non solo utile ed efficace, ma necessaria<\/em>&#8220;. Il Teatro non \u00e8 finzione, ma realt\u00e0, la realt\u00e0 dell&#8217;incontro e la realt\u00e0 del racconto, lo scenario perfetto per immergersi nella verit\u00e0 di una narrazione critica della realt\u00e0 al fine di risveglaire le coscienze e il sentimento di pacificazione individuale e collettiva.<\/p>\n<\/div>\n\n\n\n<div class=\"wp-block-column is-layout-flow wp-block-column-is-layout-flow\">\n<h4 class=\"wp-block-heading has-text-align-center\">RESTIAMO UMANI<\/h4>\n\n\n\n<div class=\"wp-block-media-text is-stacked-on-mobile\" style=\"grid-template-columns:41% auto\"><figure class=\"wp-block-media-text__media\"><img loading=\"lazy\" decoding=\"async\" width=\"191\" height=\"263\" src=\"\/public\/ARRIGONI.png\" alt=\"\" class=\"wp-image-9998 size-full\"\/><\/figure><div class=\"wp-block-media-text__content\">\n<p><em>PER UN MONDO DI PACE<\/em><\/p>\n\n\n\n<p><\/p>\n<\/div><\/div>\n\n\n\n<div class=\"wp-block-media-text has-media-on-the-right is-stacked-on-mobile\"><div class=\"wp-block-media-text__content\">\n<h4 class=\"wp-block-heading\">PATTO PER LA LETTURA<\/h4>\n\n\n\n<blockquote class=\"wp-block-quote is-style-plain is-layout-flow wp-block-quote-is-layout-flow\">\n<p><em>Il Teatro Studio ha sottoscritto il Patto per la Lettura della propria citt\u00e0 e, come da finalit\u00e0 istituzionali, con la propria attivit\u00e0, promuove eventi volontaristici tesi alla diffusione della lettura, all\u2019ascolto<\/em><\/p>\n<\/blockquote>\n<\/div><figure class=\"wp-block-media-text__media\"><img loading=\"lazy\" decoding=\"async\" width=\"1024\" height=\"1024\" src=\"\/public\/CHE-LEGGE1-1024x1024.jpg\" alt=\"\" class=\"wp-image-7578 size-full\" srcset=\"\/public\/CHE-LEGGE1-1024x1024.jpg 1024w, \/public\/CHE-LEGGE1-150x150.jpg 150w, \/public\/CHE-LEGGE1-300x300.jpg 300w, \/public\/CHE-LEGGE1.jpg 1182w\" sizes=\"auto, (max-width: 1024px) 100vw, 1024px\" \/><\/figure><\/div>\n\n\n\n<div class=\"wp-block-media-text is-stacked-on-mobile\"><figure class=\"wp-block-media-text__media\"><img loading=\"lazy\" decoding=\"async\" width=\"459\" height=\"459\" src=\"\/public\/Radio-Club-T.-S.1.jpg\" alt=\"\" class=\"wp-image-7577 size-full\" srcset=\"\/public\/Radio-Club-T.-S.1.jpg 459w, \/public\/Radio-Club-T.-S.1-150x150.jpg 150w, \/public\/Radio-Club-T.-S.1-300x300.jpg 300w\" sizes=\"auto, (max-width: 459px) 100vw, 459px\" \/><\/figure><div class=\"wp-block-media-text__content\">\n<h4 class=\"wp-block-heading\">RADIO CLUB TS<\/h4>\n\n\n\n<blockquote class=\"wp-block-quote is-style-plain is-layout-flow wp-block-quote-is-layout-flow\">\n<p><em>Uno spazio di espressione musicale e culturale, un palco virtuale per letture e contributi di attualit\u00e0, letteratura, storia, poesia e molto altro. Se sei interessato a partecipare contattaci! Redazione: Mario Fraschetti, Ivonne Cupola, Graziano Caturelli, Davide Raffaello Russo, Tommaso Pettinati<\/em><\/p>\n<\/blockquote>\n<\/div><\/div>\n<\/div>\n<\/div>\n\n\n","protected":false},"excerpt":{"rendered":"<p>SITO IN MANUTENZIONE ALCUNE PAGINE O FUNZIONI POTREBBERO ESSERE MOMENTANEAMENTE NON DISPONIBILI LABORATORIO TEATRALE DA OTTOBRE A GIUGNO<\/p>\n","protected":false},"author":1,"featured_media":0,"parent":0,"menu_order":0,"comment_status":"closed","ping_status":"closed","template":"","meta":{"ngg_post_thumbnail":0,"footnotes":""},"class_list":["post-5","page","type-page","status-publish","hentry","cat_laboratorio-adulti"],"_links":{"self":[{"href":"https:\/\/www.teatrostudio.it\/index.php\/wp-json\/wp\/v2\/pages\/5","targetHints":{"allow":["GET"]}}],"collection":[{"href":"https:\/\/www.teatrostudio.it\/index.php\/wp-json\/wp\/v2\/pages"}],"about":[{"href":"https:\/\/www.teatrostudio.it\/index.php\/wp-json\/wp\/v2\/types\/page"}],"author":[{"embeddable":true,"href":"https:\/\/www.teatrostudio.it\/index.php\/wp-json\/wp\/v2\/users\/1"}],"replies":[{"embeddable":true,"href":"https:\/\/www.teatrostudio.it\/index.php\/wp-json\/wp\/v2\/comments?post=5"}],"version-history":[{"count":3039,"href":"https:\/\/www.teatrostudio.it\/index.php\/wp-json\/wp\/v2\/pages\/5\/revisions"}],"predecessor-version":[{"id":10751,"href":"https:\/\/www.teatrostudio.it\/index.php\/wp-json\/wp\/v2\/pages\/5\/revisions\/10751"}],"wp:attachment":[{"href":"https:\/\/www.teatrostudio.it\/index.php\/wp-json\/wp\/v2\/media?parent=5"}],"curies":[{"name":"wp","href":"https:\/\/api.w.org\/{rel}","templated":true}]}}