{"id":39,"date":"2012-04-29T03:07:07","date_gmt":"2012-04-29T01:07:07","guid":{"rendered":"http:\/\/www.teatrostudio.it\/?page_id=39"},"modified":"2026-03-16T11:51:31","modified_gmt":"2026-03-16T10:51:31","slug":"teatro-site-specific","status":"publish","type":"page","link":"https:\/\/www.teatrostudio.it\/index.php\/teatro-site-specific\/","title":{"rendered":"Teatro site-specific"},"content":{"rendered":"<h2><span style=\"color: #ff9900;\"><strong>TEATRO E AMBIENTE<\/strong><\/span><\/h2>\n<p><a href=\"\/public\/0062-ILIADE-AMA_8956.jpg\"><img loading=\"lazy\" decoding=\"async\" class=\"alignleft size-medium wp-image-8061\" title=\"ILIADE foto di Amaranta Biancheri Mantovani\" src=\"\/public\/0062-ILIADE-AMA_8956-300x199.jpg\" alt=\"foto di Amaranta Biancheri Mantovani\" width=\"300\" height=\"199\" srcset=\"\/public\/0062-ILIADE-AMA_8956-300x199.jpg 300w, \/public\/0062-ILIADE-AMA_8956-1024x681.jpg 1024w\" sizes=\"auto, (max-width: 300px) 100vw, 300px\" \/><\/a>Il Teatro Studio pone particolare attenzione all&#8217;ambiente rendendo anche esso protagonista e partecipe delle performance e sviluppa di pari passo alla ricerca su testi antichi, epici, mitologici l&#8217;ambientazione diurna in assenza di supporti. Allestimenti puramente site-specifc che col tempo prendono spazio in pi\u00f9 di un format del repertorio, fino a divenire la scelta prediletta della Compagnia condizionando virtuosamente moltissime delle messe in scena, incluso lavori di teatro popolare o rappresentazioni di teatro gotico e ogni produzione che lo permetta diventa evento ambientale, in cui attori, narrazione, pubblico e ambienta finiscono per diventare una sola cosa e stimolarsi a vicenda, per una esperienza globale sia per il pubblico che per gli attori.<\/p>\n<p>In questa ottica, dal 1994 ha preso forma la rassegna <span style=\"text-decoration: underline;\"><span style=\"color: #ff9900;\"><a title=\"IL FASCINO DELLE ROVINE TEATRO E ARCHEOLOGIA\" href=\"http:\/\/www.teatrostudio.it\/index.php\/teatro-site-specific\/fascino-rovine\/\"><span style=\"color: #ff9900; text-decoration: underline;\">&#8220;Il Fascino delle Rovine&#8221;<\/span><\/a><\/span><\/span> in cui opere di grande valore teatrale interagiscono con spazi di pregio come parchi naturali e siti archeologici, poi confluita nei pi\u00f9 recenti progetti <strong>Le vie del Mito<\/strong> e <strong>Il Palcoscenico del territorio<\/strong>.<\/p>\n<p><span style=\"color: #ff9900;\"><a title=\"IL FASCINO DELEL ROVINE \" href=\"http:\/\/www.teatrostudio.it\/index.php\/teatro-site-specific\/fascino-rovine\/\"><span style=\"color: #ff9900;\">http:\/\/www.teatrostudio.it\/index.php\/teatro-site-specific\/fascino-rovine\/<\/span><\/a><\/span><\/p>\n<p>&nbsp;<\/p>\n<p>Sulla scia della ricerca sul <em><strong>teatro antico in ambientazione<\/strong> <\/em>e sulle possibilit\u00e0 di rappresentazione in luoghi di suggestione artistica, architettonica, storica, l&#8217;attivit\u00e0 del Teatro Studio \u00e8 stata pi\u00f9 volte accolta, in contesti museali, interagendo sia col proprio reportorio che con la <strong><em>costruzione di performace ad hoc<\/em><\/strong>.<\/p>\n<p>Referenti principali sono i Musei Storici e i Sistemi Museali della Toscana e del Lazio (Museo archeologico di Firenze e di Grosseto, Musei diffusi del Comune di Manciano, Simulabo, sistema museale del lago di Bolsena, Museo di Vetulonia, Parchi Archeologici di Roselle, Cosa e Populonia etc.)<\/p>\n<p><span style=\"color: #ff9900;\"><a title=\"musei \" href=\"http:\/\/www.teatrostudio.it\/index.php\/teatro-site-specific\/teatro-e-musei\/\"><span style=\"color: #ff9900;\">http:\/\/www.teatrostudio.it\/index.php\/teatro-site-specific\/teatro-e-musei\/<\/span><\/a><\/span><\/p>\n<p>Altri interventi site-specific<\/p>\nngg_shortcode_0_placeholder\n<p>&nbsp;<\/p>\n<p>Performance &#8220;La dinamica del fuoco&#8221; in occasione dell&#8217;esposizione dell&#8217;artista Anna Verena de N\u00e8ve (2011)<\/p>\nngg_shortcode_1_placeholder\n","protected":false},"excerpt":{"rendered":"<p>TEATRO E AMBIENTE Il Teatro Studio pone particolare attenzione all&#8217;ambiente rendendo anche esso protagonista e partecipe delle performance<\/p>\n","protected":false},"author":1,"featured_media":0,"parent":0,"menu_order":8,"comment_status":"closed","ping_status":"closed","template":"","meta":{"ngg_post_thumbnail":0,"footnotes":""},"class_list":["post-39","page","type-page","status-publish","hentry"],"_links":{"self":[{"href":"https:\/\/www.teatrostudio.it\/index.php\/wp-json\/wp\/v2\/pages\/39","targetHints":{"allow":["GET"]}}],"collection":[{"href":"https:\/\/www.teatrostudio.it\/index.php\/wp-json\/wp\/v2\/pages"}],"about":[{"href":"https:\/\/www.teatrostudio.it\/index.php\/wp-json\/wp\/v2\/types\/page"}],"author":[{"embeddable":true,"href":"https:\/\/www.teatrostudio.it\/index.php\/wp-json\/wp\/v2\/users\/1"}],"replies":[{"embeddable":true,"href":"https:\/\/www.teatrostudio.it\/index.php\/wp-json\/wp\/v2\/comments?post=39"}],"version-history":[{"count":13,"href":"https:\/\/www.teatrostudio.it\/index.php\/wp-json\/wp\/v2\/pages\/39\/revisions"}],"predecessor-version":[{"id":10657,"href":"https:\/\/www.teatrostudio.it\/index.php\/wp-json\/wp\/v2\/pages\/39\/revisions\/10657"}],"wp:attachment":[{"href":"https:\/\/www.teatrostudio.it\/index.php\/wp-json\/wp\/v2\/media?parent=39"}],"curies":[{"name":"wp","href":"https:\/\/api.w.org\/{rel}","templated":true}]}}