{"id":3254,"date":"2015-11-27T10:35:04","date_gmt":"2015-11-27T09:35:04","guid":{"rendered":"http:\/\/www.teatrostudio.it\/?page_id=3254"},"modified":"2025-12-15T10:06:05","modified_gmt":"2025-12-15T09:06:05","slug":"rassegna-scansano","status":"publish","type":"page","link":"https:\/\/www.teatrostudio.it\/index.php\/rassegna-scansano\/","title":{"rendered":"FESTA DELLA TOSCANA"},"content":{"rendered":"<h2 style=\"text-align: center;\">FESTA DELLA TOSCANA 2026<\/h2>\n<h2 style=\"text-align: center;\"><span style=\"color: #b6b846;\">&#8220;Toscana: un ponte per la Pace&#8221;<\/span><\/h2>\n<h2 style=\"text-align: center;\">LA REALTA&#8217; DEL TEATRO, IL TEATRO DELLA REALTA&#8217;<\/h2>\n<p style=\"text-align: center;\"><a href=\"\/public\/MANIFESTO-FESTA-TOSCANA.jpg\"><img loading=\"lazy\" decoding=\"async\" title=\"MANIFESTO FESTA TOSCANA\" src=\"\/public\/MANIFESTO-FESTA-TOSCANA-212x300.jpg\" alt=\"\" width=\"212\" height=\"300\" \/><\/a><\/p>\n<p style=\"text-align: center;\">REGIONE TOSCANA, CESVOT, COMUNE DI MONTIERI, COMUNE DI MANCIANO, COMUNE DI ARCIDOSSO<\/p>\n<p style=\"text-align: center;\">In un mondo in cui la guerra non ha pi\u00f9 confini e la comunicazione e l&#8217;informazione, giunte al loro massimo potenziale, paradossalmente, oscurano e manipolano le coscienze e le conoscenze, in una societ\u00e0 che spinge alla separazione, all&#8217;aberrazione, all&#8217;odio, al conflitto facile, all&#8217;aggressivit\u00e0 verbale, la risposta che pu\u00f2 offrire il Teatro \u00e8 da ritenersi, non solo utile ed efficace, ma necessaria. Il Teatro non \u00e8 finzione, ma realt\u00e0, la realt\u00e0 dell&#8217;esserci fisicamente, la realt\u00e0 del racconto, del guardarsi, del parlarsi, dell&#8217;incontrarsi: la realt\u00e0 dei corpi, quello degli attori e quello del pubblico che gli sta davanti. Se infine il Teatro si assume la responsabilit\u00e0 di raccontarei temi cruciali della pace e della guerra, aprendo gli orizzonti e schiudendo le menti alla molteplicit\u00e0 del sentire, allora c&#8217;\u00e8 speranza che si possa seminare nell&#8217;individuo, il seme della crescita, affinch\u00e9 ognuno possa coltivare la pace dentro di s\u00e9 per poterla praticare nei confronti del prossimo e del mondo intero.<\/p>\n<p style=\"text-align: center;\">Fiaba interattiva (teatro laboratorio): <em>&#8220;Arriva la guerra&#8230;tutti gi\u00f9 per terra&#8221;<\/em>, di Mario Fraschetti, Scuola Primaria.<br \/>\n<strong>Comune di Manciano &#8211; 20 gennaio ore 14.00<\/strong><\/p>\n<p style=\"text-align: center;\">Spettacolo teatrale: <em>&#8220;La Pace&#8221;<\/em>, adattamento per ragazzi, da Aristofane, Scuola Secondaria di primo grado.<strong>\u00a0Comune di Montieri \u2013 20 marzo ore 11.00<\/strong><\/p>\n<p style=\"text-align: center;\">Reading musicale: <em>&#8220;Parole di Pace. Il loro grido \u00e8 la mia voce. Poesie da Gaza&#8221;<\/em>, \u00a0da B. Brecht, W. Majakowski, P. Neruda, I. Bachmann, S. Quasimodo e dal libro\/diario &#8220;Il loro grido \u00e8 la mia voce. Poesie da Gaza&#8221;, di autori palestinesi.\u00a0Scuola Secondaria di secondo grado.<br \/>\n<strong>Comune di Arcidosso \u2013 14 febbraio ore 11.00<\/strong><\/p>\n","protected":false},"excerpt":{"rendered":"<p>FESTA DELLA TOSCANA 2026 &#8220;Toscana: un ponte per la Pace&#8221; LA REALTA&#8217; DEL TEATRO, IL TEATRO DELLA REALTA&#8217;<\/p>\n","protected":false},"author":1,"featured_media":0,"parent":0,"menu_order":3,"comment_status":"closed","ping_status":"closed","template":"","meta":{"ngg_post_thumbnail":0,"footnotes":""},"class_list":["post-3254","page","type-page","status-publish","hentry"],"_links":{"self":[{"href":"https:\/\/www.teatrostudio.it\/index.php\/wp-json\/wp\/v2\/pages\/3254","targetHints":{"allow":["GET"]}}],"collection":[{"href":"https:\/\/www.teatrostudio.it\/index.php\/wp-json\/wp\/v2\/pages"}],"about":[{"href":"https:\/\/www.teatrostudio.it\/index.php\/wp-json\/wp\/v2\/types\/page"}],"author":[{"embeddable":true,"href":"https:\/\/www.teatrostudio.it\/index.php\/wp-json\/wp\/v2\/users\/1"}],"replies":[{"embeddable":true,"href":"https:\/\/www.teatrostudio.it\/index.php\/wp-json\/wp\/v2\/comments?post=3254"}],"version-history":[{"count":17,"href":"https:\/\/www.teatrostudio.it\/index.php\/wp-json\/wp\/v2\/pages\/3254\/revisions"}],"predecessor-version":[{"id":3259,"href":"https:\/\/www.teatrostudio.it\/index.php\/wp-json\/wp\/v2\/pages\/3254\/revisions\/3259"}],"wp:attachment":[{"href":"https:\/\/www.teatrostudio.it\/index.php\/wp-json\/wp\/v2\/media?parent=3254"}],"curies":[{"name":"wp","href":"https:\/\/api.w.org\/{rel}","templated":true}]}}