{"id":172,"date":"2012-05-30T14:52:41","date_gmt":"2012-05-30T12:52:41","guid":{"rendered":"http:\/\/www.teatrostudio.it\/?page_id=172"},"modified":"2026-03-17T15:37:24","modified_gmt":"2026-03-17T14:37:24","slug":"corsi-per-adulti","status":"publish","type":"page","link":"https:\/\/www.teatrostudio.it\/index.php\/corsi\/corsi-per-adulti\/","title":{"rendered":"laboratorio adulti"},"content":{"rendered":"<h2 align=\"center\"><span style=\"color: #ff0000;\"><strong>TEATRO STUDIO&nbsp;&nbsp;LABORATORIO PERMANENTE&nbsp;(dal 1987)<\/strong><\/span><\/h2>\n<p style=\"text-align: center;\"><strong><strong>INIZIO NUOVA SESSIONE, OTTOBRE 2026. VI ASPETTIAMO!<\/strong><\/strong><\/p>\n<p>La base del lavoro pone il performer-individuo al centro dell\u2019esperienza teatrale. L\u2019allievo-attore \u00e8 un universo che si esplora prima ancora di istruirsi.&nbsp; Il corpo, il respiro, la voce, i ritmi lenti di un movimento che assecondi i tempi dell\u2019ascolto e dell\u2019osservazione, sono il mezzo principale di un approccio che tende a \u201cdisimparare\u201d le gabbie espressive, al fine di raggiungere uno stato mentale ampio e ricettivo agli impulsi della creativit\u00e0.<\/p>\n<p style=\"text-align: center;\"><span style=\"color: #ff0000;\">Ogni luned\u00ec e mercoled\u00ec dalle ore 19.00 alle 21.00<\/span><\/p>\n<p style=\"text-align: left;\"><a href=\"\/public\/Lab-Mario-Germania3.jpg\"><img loading=\"lazy\" decoding=\"async\" class=\"alignleft size-medium wp-image-509\" title=\"Lab-Mario-Germania\" src=\"\/public\/Lab-Mario-Germania3-300x216.jpg\" alt=\"laboratorio teatrale Mario Fraschetti\" width=\"300\" height=\"216\" srcset=\"\/public\/Lab-Mario-Germania3-300x216.jpg 300w, \/public\/Lab-Mario-Germania3-1024x739.jpg 1024w\" sizes=\"auto, (max-width: 300px) 100vw, 300px\" \/><\/a>I corsi del laboratorio teatrale del Teatro Studio Arci, Centro di Ricerca e Formazione Teatrale di Grosseto, diretto da <span style=\"color: #000000;\">Mario Fraschetti e Daniela Marretti<\/span>,&nbsp; accolgono giovani e adulti che intendano sperimentare e crescere personalmente o artisticamente nella dinamica del laboratorio espressivo teatrale, luogo di apprendimento tecnico, ma&nbsp; anche di confronto con se stessi e con gli altri.<\/p>\n<p>L\u2019 omonima Compagnia Teatrale, nata in seno alLaboratorio, ha al suo attivo numerose produzioni che vanno dal teatro classico antico, al teatro dell\u2019assurdo, al teatro civile e per ragazzi, fino al teatro interattivo pensato per i bambini al di sotto dei sei anni, oltre ad un\u2019intensa&nbsp; e costante attivit\u00e0 di laboratori propedeutici nelle scuole di ogni ordine e grado.<\/p>\n<p>I corsi, che durante l\u2019anno si arricchiscono di momenti di approfondimento, si basano sulle seguenti aree di pratica: il corpo, la voce, l\u2019improvvisazione, l&#8217;azione performativa, la messa in scena.<br \/>\n<span style=\"color: #ffffff;\"><strong>Studio del corpo<\/strong>:<\/span> attraverso l\u2019utilizzo di tecniche come la danza naturale e il movimento libero \u2013 dimensione questa che attinge totalmente alla spontaneit\u00e0 e alla potenzialit\u00e0 di ognuno, nella propria diversit\u00e0 e nella propria personale capacit\u00e0 d espressione &#8211; lo yoga, l\u2019aikido, si mira a contattare e riconoscere il corpo, per&nbsp; \u201csciogliere\u201d le barriere psicofisiche, al fine di liberare le potenzialit\u00e0 espressive e comunicative e accrescere il controllo del movimento e del gesto nella relazione con lo spazio e nell\u2019interazione con gli altri.<br \/>\n<span style=\"color: #ffffff;\"><strong>Studio della voce<\/strong>:<\/span> esplorazione e controllo dello strumento vocale attraverso tecniche di respirazione e vocalizzazione,&nbsp; improvvisazione e applicazione, per espandere e potenziare e acquisire la capacit\u00e0 di gestione ritmica ed espressiva della voce; allenamento sui testi e sui generi attraverso differenti modalit\u00e0 di allenamento per educazione alla pronuncia e alla dizione.<br \/>\n<span style=\"color: #ffffff;\"><strong>Improvvisazione<\/strong><\/span>, intesa sia come attivit\u00e0 ludico-propedeutica, sia come dinamica socializzante, sia come tecnica di allenamento e ricerca espressiva, sia come genere teatrale, \u00e8 il contenitore principale e il fondamentale mezzo attraverso cui si sperimentano tutte le altre tecniche sopra descritte, cos\u00ec da fondere in un\u2019unica esperienza, organica e dinamica, gli aspetti fondanti e le regole del linguaggio teatrale.<br \/>\n<span style=\"color: #ffffff;\"><strong>Azione performativa<\/strong>:<\/span> \u00e8 lo spazio sperimentale in cui tutte le tecniche confluiscono e si mescolano in modi e forme sempre diverse, ora lontane dalla costruzione tradizionale e organica di una forma teatrale, ora riunite nell\u2019intensit\u00e0 di un testo scritto.<br \/>\n<span style=\"color: #ffffff;\"><strong>Messa in scena (saggio di lavoro)<\/strong>:<\/span> \u00e8 il momento conclusivo del percorso annuale, che vede il gruppo degli allievi cimentarsi con la scena, il testo e\/o la partitura fisica, il pubblico, sperimentando di anno in anno generi, testi e performance differenti.<br \/>\nIl Laboratorio pu\u00f2 essere inteso sia come percorso di formazione attoriale, sia come spazio per conoscere ed esplorare se stessi. Le aspettative dei partecipanti possono essere diverse, cos\u00ec come i livelli di esperienza.<br \/>\nNei laboratori del T.S. lavorano insieme principianti, allievi avanzati e attori professionisti, per una precisa scelta di metodo:&nbsp; una<span style=\"color: #ffffff;\"> <strong>palestra dell\u2019attore<\/strong> <\/span>quindi, per coltivare la propria espressivit\u00e0, la propria capacit\u00e0 di comunicare e creare nella vita di ogni giorno, oltre che sulla scena.<br \/>\nConducono le lezioni: <span style=\"color: #ffffff;\"><strong>Mario Fraschetti<\/strong><\/span>, Direttore Artistico e regista della Compagnia, <span style=\"color: #ffffff;\"><strong>Daniela Marretti<\/strong><\/span>, Presidente del Teatro Studio, attrice e trainer, <span style=\"color: #ffffff;\"><strong>Enrica Pistolesi<\/strong><\/span>, attrice e trainer, <span style=\"color: #ffffff;\"><strong>Luca Pierini<\/strong><\/span> e <span style=\"color: #ffffff;\"><strong>Mirio Tozzini<\/strong><\/span> attori e trainer.<\/p>\n<p><strong>COLLABORAZIONI&nbsp; &nbsp; &nbsp; &nbsp; &nbsp; &nbsp; &nbsp; &nbsp; &nbsp; &nbsp; &nbsp; &nbsp; &nbsp; &nbsp; &nbsp; &nbsp; &nbsp; &nbsp; &nbsp; &nbsp; &nbsp; &nbsp; &nbsp; &nbsp; &nbsp; &nbsp; &nbsp; &nbsp; &nbsp; &nbsp; &nbsp; &nbsp; &nbsp; &nbsp; &nbsp; &nbsp; &nbsp; &nbsp; &nbsp; &nbsp; &nbsp; &nbsp; &nbsp; &nbsp; &nbsp; &nbsp; &nbsp; &nbsp; &nbsp; &nbsp; &nbsp; &nbsp; &nbsp; &nbsp; &nbsp; &nbsp; &nbsp; &nbsp; &nbsp; &nbsp; &nbsp; &nbsp; &nbsp; &nbsp; &nbsp; &nbsp; &nbsp; &nbsp; &nbsp; &nbsp; &nbsp; &nbsp; &nbsp; &nbsp; &nbsp; &nbsp; &nbsp; &nbsp; &nbsp; &nbsp; &nbsp;<\/strong><em>(in ambito formativo, attivit\u00e0 principali nel tempo)<\/em><\/p>\n<p>&#8211; 1990-2010, <em><span style=\"color: #ffffff;\"><strong>\u00dcber die Granze<\/strong><\/span>, Progetto Europeo, <\/em>attivit\u00e0 laboratoriale presso le Universit\u00e0 di Hannover e Toulouse, un programma di formazione attoriale e tecniche di teatro sociale,<em>&nbsp;condotti dalla <\/em>Professoressa da Mario Fraschetti e Dietlinde Gipser (docente di Pedagogia speciale e Tecniche di Teatro dell&#8217;Oppresso).&nbsp;<\/p>\n<p>&#8211; 2000-2021, Rassegna Provinciale del Teatro della Scuola (con numerosi premi ottenuti da allestimenti e regie curate dai propri operatori)<\/p>\n<p>&#8211; 2011, <span style=\"color: #ffffff;\"><strong>Progetto Longlife Learning<\/strong><\/span>, Comunit\u00e0 Europea, Workshop Internazionale, dal titolo, &#8220;Comunicazione teatrale, la relazione umana come elemento evolutivo&#8221;, condotto da Mario Fraschetti e Daniela Marretti<\/p>\n<p>&#8211; 1990-2021, attivit\u00e0 laboratoriale presso ogni ordine di Scuola<\/p>\n<p><span style=\"color: #ffffff;\"><strong>MESSE IN SCENA, RESTITUZIONI E SAGGI DEL LABORATORIO ADULTI <\/strong><em>(solo dal 2010 ad oggi)<\/em><\/span><\/p>\n<p>2025 <span style=\"color: #ffffff;\">&#8220;Il povero Piero&#8221;<\/span> di Achille Campanile<\/p>\n<p>2024<span style=\"text-decoration: underline; color: #ffffff;\"> <a style=\"color: #ffffff; text-decoration: underline;\" title=\"zorro - performance allievi\" href=\"https:\/\/www.teatrostudio.it\/index.php\/zorro-performance-allievi\/\">&#8220;Zorro&#8221;<\/a> <\/span>di Margaret Mazzatinti&nbsp;<\/p>\n<p>2024 <span style=\"color: #ffffff;\"><strong>&#8220;Il bar sotto il mare&#8221;<\/strong><\/span> di Stefano Benni<\/p>\n<p>2024 <span style=\"text-decoration: underline; color: #ffffff;\"><span style=\"text-decoration: underline;\"><a style=\"color: #ffffff;\" title=\"Yalla - Festival Resistente\" href=\"https:\/\/www.teatrostudio.it\/index.php\/yalla-festival-resistente\/\"><span style=\"text-decoration: underline;\">&#8220;Yalla&#8221;<\/span><\/a><\/span><\/span> azione teatrale e narrazione in solidariet\u00e0 col popolo palestinese<\/p>\n<p>2023 <span style=\"text-decoration: underline;\"><span style=\"color: #339966; text-decoration: underline;\"><a href=\"https:\/\/www.teatrostudio.it\/index.php\/di-sale-di-acqua-e-di-spighe-saggio-allievi\/\"><span style=\"color: #339966; text-decoration: underline;\"><span style=\"color: #ffffff; text-decoration: underline;\"><strong>&#8220;Di sale di acqua e di spighe&#8221; e &#8220;La luna e la panchina&#8230;&#8221; <\/strong><\/span><\/span><\/a><\/span><\/span><\/p>\n<p>2022 <span style=\"text-decoration: underline; color: #000000;\"><span style=\"text-decoration: underline;\"><a style=\"color: #000000; text-decoration: underline;\" title=\"L'altra Euridice\" href=\"https:\/\/www.teatrostudio.it\/index.php\/notte-visibile-della-cultura-laltra-euridice-spazi-temporali\/\"><span style=\"color: #ffffff; text-decoration: underline;\">&#8220;L&#8217;altra Euridice&#8221;<\/span><\/a><\/span><\/span> di Italo Calvino<\/p>\n<p>2022 <span style=\"text-decoration: underline; color: #ffffff;\"><a style=\"color: #ffffff; text-decoration: underline;\" title=\"allievi 2022\" href=\"https:\/\/www.teatrostudio.it\/index.php\/le-performance-di-ritorno-al-teatro-piccoli-spazi-raccontano\/\">&#8220;Ritorno al Teatro &#8211; Piccoli spazi raccontano&#8221;<\/a><\/span> &#8211; azioni teatrali e narrazioni &#8220;Spazi Temporali&#8221;, &#8220;Caos&#8221;, &#8220;Ceneri del Circo&#8221; e &#8220;In certi luoghi&#8221; (Mura Medicee Grosseto)&nbsp;<\/p>\n<p><span style=\"color: #ffffff;\">2021 &#8220;<span style=\"text-decoration: underline;\"><a style=\"color: #ffffff; text-decoration: underline;\" title=\"cerchio delle mura - inferno nella citt\u00e0 visibile\" href=\"http:\/\/www.teatrostudio.it\/index.php\/il-cerchio-delle-mura-performance-allievi\/\">Il cerchio delle Mura<\/a><\/span>&#8220;<\/span> dal III Canto If e dal XXXIII Canti IF, azione teatrale e narrazione&nbsp; &nbsp; &nbsp; &nbsp; &nbsp; &nbsp; &nbsp; &nbsp; &nbsp; &nbsp; &nbsp; &nbsp; &nbsp; &nbsp;(Mura Medicee Grosseto)&nbsp;<\/p>\n<p><span style=\"color: #ffffff;\">2020 &#8220;<span style=\"text-decoration: underline;\"><a style=\"color: #ffffff; text-decoration: underline;\" title=\"fuori di S\u00e9\" href=\"http:\/\/www.teatrostudio.it\/index.php\/storie-di-straordinario-isolamento-saggio-allievi\/?preview=true&amp;preview_id=6446&amp;preview_nonce=501a78c419\">Fuori di S\u00e9 &#8211; storie di (stra)ordinario isolamento<\/a>&#8220;<\/span> <\/span>da testi elaborati dagli allievi (Mura Medicee Grosseto)&nbsp;<\/p>\n<p>2019 <span style=\"color: #ffffff;\">&#8220;<span style=\"text-decoration: underline;\"><a style=\"color: #ffffff; text-decoration: underline;\" title=\"CAINO\" href=\"http:\/\/www.teatrostudio.it\/index.php\/caino-saggio-allievi\/\">Caino<\/a><\/span>&#8220;<\/span> di Jos\u00e9 Saramago (Teatro Castagnoli)<\/p>\n<p>2018 <span style=\"color: #ffffff;\">&#8220;<span style=\"text-decoration: underline;\"><a style=\"color: #ffffff; text-decoration: underline;\" title=\"GLI UCCELLI\" href=\"http:\/\/www.teatrostudio.it\/index.php\/gli-uccelli-performance-laboratorio-adulti\/\">Gli Uccelli<\/a><\/span>&#8220;<\/span> da Aristofane (Teatro Castagnoli)<\/p>\n<p>2017 <span style=\"color: #ffffff;\">&#8220;<span style=\"text-decoration: underline;\"><a style=\"color: #ffffff; text-decoration: underline;\" title=\"FRAGILI FOGLIE\" href=\"http:\/\/www.teatrostudio.it\/index.php\/fragili-foglie\/\">Fragili foglie<\/a><\/span>&#8220;<\/span> da Federico Garcia Lorca (Spazio72)<strong><br \/>\n<\/strong><\/p>\n<p>2016 <span style=\"color: #ffffff;\">&#8220;Corsia n\u00b0 6&#8221;<\/span> da A. Cecov (Teatro Castagnoli)<\/p>\n<p>201<span style=\"color: #ffffff;\">5 <\/span><span style=\"color: #000000;\"><span style=\"color: #ffffff;\">&#8220;<span style=\"text-decoration: underline;\"><a style=\"color: #ffffff; text-decoration: underline;\" title=\"L'OPERA DA TRE SOLDI\" href=\"http:\/\/www.teatrostudio.it\/index.php\/saggio-laboratorio-teatrale-lopera-da-tre-soldi\/\">L&#8217;opera&#8230; da tre soldi<\/a><\/span>&#8220;<\/span>&nbsp;<\/span> di B. Brecht (Teatro Castagnoli)<\/p>\n<p>2014 <span style=\"color: #ffffff;\">&#8220;Il prezzo del ferro&#8221;<\/span> di Bertolt Brecht (Teatro Castagnoli)<\/p>\n<p>2013<span style=\"color: #ffffff;\"> &#8220;<span style=\"text-decoration: underline;\"><a style=\"color: #ffffff; text-decoration: underline;\" title=\"LA VERITA' SCONFINATA\" href=\"http:\/\/www.teatrostudio.it\/index.php\/la-verita-sconfinata-saggio-di-lavoro-degli-allievi\/\">La verit\u00e0 sconfinata<\/a><\/span>&#8221; <\/span>dall&#8217;antologia di Spoon River di Edgar Lee Masters (Spazaio72)<\/p>\n<p>2010<span style=\"color: #ffffff;\"><strong> &#8220;La ragazza forestiera&#8221; <\/strong><\/span>di Mario Fraschetti (Spazio72)<strong><br \/>\n<\/strong><\/p>\nngg_shortcode_0_placeholder\nngg_shortcode_1_placeholder\n<p><strong>Foto di Maria Luisa del Giglio durante la parata di maschere dell&#8217;artista <span style=\"color: #ffffff;\"><strong><a style=\"color: #ffffff;\" title=\"De N\u00e8ve\" href=\"http:\/\/www.teatrostudio.it\/index.php\/chi-siamo\/altri-collaboratori\/anna-verena-de-neve\/\">Verena de N\u00e9ve<\/a><\/strong><\/span>, con gli allievi del Teatro Studio &#8211; febbraio 2015<\/strong><\/p>\nngg_shortcode_2_placeholder\n<p><strong>Dimostrazione di lavoro dello stage di approfondimento &#8220;<span style=\"text-decoration: underline;\"><span style=\"color: #ff0000; text-decoration: underline;\"><a title=\"la scoperta del naso Teatro Schabernack\" href=\"http:\/\/www.teatrostudio.it\/index.php\/il-clown-la-scoperta-del-naso-approfondimento\/\"><span style=\"color: #ff0000; text-decoration: underline;\"><span style=\"color: #ffffff; text-decoration: underline;\">Il clown &#8211; La scoperta del naso<\/span><\/span><\/a><\/span><\/span>&#8221; &#8211; Teatro Schabernack, con gli allievi del Teatro Studio &#8211; giugno 2015<\/strong><\/p>\nngg_shortcode_3_placeholder\n<p><strong>Locandine dei saggi<\/strong><\/p>\nngg_shortcode_4_placeholder\n","protected":false},"excerpt":{"rendered":"<p>TEATRO STUDIO&nbsp;&nbsp;LABORATORIO PERMANENTE&nbsp;(dal 1987) INIZIO NUOVA SESSIONE, OTTOBRE 2026. VI ASPETTIAMO! La base del lavoro pone il performer-individuo<\/p>\n","protected":false},"author":1,"featured_media":0,"parent":31,"menu_order":1,"comment_status":"closed","ping_status":"closed","template":"","meta":{"ngg_post_thumbnail":0,"footnotes":""},"class_list":["post-172","page","type-page","status-publish","hentry"],"_links":{"self":[{"href":"https:\/\/www.teatrostudio.it\/index.php\/wp-json\/wp\/v2\/pages\/172","targetHints":{"allow":["GET"]}}],"collection":[{"href":"https:\/\/www.teatrostudio.it\/index.php\/wp-json\/wp\/v2\/pages"}],"about":[{"href":"https:\/\/www.teatrostudio.it\/index.php\/wp-json\/wp\/v2\/types\/page"}],"author":[{"embeddable":true,"href":"https:\/\/www.teatrostudio.it\/index.php\/wp-json\/wp\/v2\/users\/1"}],"replies":[{"embeddable":true,"href":"https:\/\/www.teatrostudio.it\/index.php\/wp-json\/wp\/v2\/comments?post=172"}],"version-history":[{"count":65,"href":"https:\/\/www.teatrostudio.it\/index.php\/wp-json\/wp\/v2\/pages\/172\/revisions"}],"predecessor-version":[{"id":10727,"href":"https:\/\/www.teatrostudio.it\/index.php\/wp-json\/wp\/v2\/pages\/172\/revisions\/10727"}],"up":[{"embeddable":true,"href":"https:\/\/www.teatrostudio.it\/index.php\/wp-json\/wp\/v2\/pages\/31"}],"wp:attachment":[{"href":"https:\/\/www.teatrostudio.it\/index.php\/wp-json\/wp\/v2\/media?parent=172"}],"curies":[{"name":"wp","href":"https:\/\/api.w.org\/{rel}","templated":true}]}}